{"id":2995,"date":"2024-02-03T06:36:56","date_gmt":"2024-02-03T05:36:56","guid":{"rendered":"https:\/\/motiom.com\/?page_id=2995"},"modified":"2024-02-03T06:36:57","modified_gmt":"2024-02-03T05:36:57","slug":"politica-integrada-de-gestion","status":"publish","type":"page","link":"https:\/\/motiom.com\/index.php\/pt\/home\/politica-integrada-de-gestion\/","title":{"rendered":"Pol\u00edtica Integrada de Gesti\u00f3n"},"content":{"rendered":"\n<style type=\"text\/css\" data-created_by=\"avia_inline_auto\" id=\"style-css-av-la7vbbur-22ae126af32fbff50931e205000d2ad3\">\n#top .av-special-heading.av-la7vbbur-22ae126af32fbff50931e205000d2ad3{\npadding-bottom:10px;\ncolor:#168187;\nfont-size:60px;\n}\nbody .av-special-heading.av-la7vbbur-22ae126af32fbff50931e205000d2ad3 .av-special-heading-tag .heading-char{\nfont-size:25px;\n}\n#top #wrap_all .av-special-heading.av-la7vbbur-22ae126af32fbff50931e205000d2ad3 .av-special-heading-tag{\nfont-size:60px;\n}\n.av-special-heading.av-la7vbbur-22ae126af32fbff50931e205000d2ad3 .special-heading-inner-border{\nborder-color:#168187;\n}\n.av-special-heading.av-la7vbbur-22ae126af32fbff50931e205000d2ad3 .av-subheading{\nfont-size:15px;\n}\n\n@media only screen and (min-width: 480px) and (max-width: 767px){ \n#top #wrap_all .av-special-heading.av-la7vbbur-22ae126af32fbff50931e205000d2ad3 .av-special-heading-tag{\nfont-size:40px;\n}\n}\n\n@media only screen and (max-width: 479px){ \n#top #wrap_all .av-special-heading.av-la7vbbur-22ae126af32fbff50931e205000d2ad3 .av-special-heading-tag{\nfont-size:40px;\n}\n}\n<\/style>\n<div  class='av-special-heading av-la7vbbur-22ae126af32fbff50931e205000d2ad3 av-special-heading-h3 custom-color-heading blockquote modern-quote  avia-builder-el-0  el_before_av_textblock  avia-builder-el-first  av-inherit-size'><h3 class='av-special-heading-tag '  itemprop=\"headline\"  >POL\u00cdTICA INTEGRADA DE GESTI\u00d3N<\/h3><div class=\"special-heading-border\"><div class=\"special-heading-inner-border\"><\/div><\/div><\/div>\n\n<style type=\"text\/css\" data-created_by=\"avia_inline_auto\" id=\"style-css-av-la7wnj3w-81e54b06623ab491d3f854ba11e688a8\">\n#top .av_textblock_section.av-la7wnj3w-81e54b06623ab491d3f854ba11e688a8 .avia_textblock{\nfont-size:20px;\ntext-align:justify;\n}\n\n@media only screen and (max-width: 479px){ \n#top .av_textblock_section.av-la7wnj3w-81e54b06623ab491d3f854ba11e688a8 .avia_textblock{\nfont-size:20px;\n}\n}\n<\/style>\n<section  class='av_textblock_section av-la7wnj3w-81e54b06623ab491d3f854ba11e688a8 '   itemscope=\"itemscope\" itemtype=\"https:\/\/schema.org\/CreativeWork\" ><div class='avia_textblock legal-page'  itemprop=\"text\" ><p><strong>MOTIOM Global Logistics<\/strong>, siendo su actividad la de intermediarios de log\u00edstica de transporte nacional e internacional, cuenta con una pol\u00edtica de calidad y gesti\u00f3n ambiental, documentada que se concreta en los siguientes puntos:<\/p>\n<ul>\n<li>Cumplimiento de los requerimientos legales y t\u00e9cnicos, as\u00ed como cualquier otro que MOTIOM Global Logistics tenga suscriba relacionados con los aspectos ambientales que genera por su actividad de trabajo.<\/li>\n<li>Compromiso de perseguir la protecci\u00f3n del medio ambiente y prevenci\u00f3n de la contaminaci\u00f3n y cualquier otro compromiso adquirido.<\/li>\n<li>Orientar las actividades y decisiones de la empresa a satisfacer las necesidades y expectativas de los clientes.<\/li>\n<li>Asegurar la calidad y la correcta gesti\u00f3n ambiental de todas las actividades para as\u00ed poder garantizar los servicios prestados a los clientes.<\/li>\n<li>Identificar los Riesgos y Oportunidades derivados de la actividad, con el fin de prevenirlos y mejorar nuestros procesos y calidad de servicio.<\/li>\n<li>Potenciar la autonom\u00eda e iniciativa del personal para que contribuya de modo m\u00e1s eficaz a la consecuci\u00f3n de los objetivos de MOTIOM Global Logistics.<\/li>\n<li>Fomentar la cualificaci\u00f3n, motivaci\u00f3n y desarrollo de nuestros empleados, as\u00ed como favorecer el entorno laboral que respete las necesidades individuales y valore la contribuci\u00f3n de cada individuo.<\/li>\n<li>Mantener un esp\u00edritu de mejora continua de la eficacia en todas las actividades relacionadas con el sistema y los clientes, para la mejora del desempe\u00f1o del sistema de gesti\u00f3n.<\/li>\n<li>La Direcci\u00f3n y el personal de MOTIOM Global Logistics comparte y entiende este sistema de gesti\u00f3n como una forma de trabajo para todas y cada una de sus actividades.<\/li>\n<\/ul>\n<p>Esta pol\u00edtica de calidad y gesti\u00f3n ambiental ha sido comunicada a todo el personal de la empresa, as\u00ed como a todo personal y organizaci\u00f3n que trabaja en nombre de MOTIOM Global Logistics, y es entendida, aplicada y mantenida al d\u00eda en todos los niveles de la organizaci\u00f3n y, regularmente, se lleva a cabo un seguimiento de su efectividad y cumplimiento. De igual modo, la presente pol\u00edtica integrada de gesti\u00f3n se encuentra a disposici\u00f3n de toda persona u organizaci\u00f3n que est\u00e9 interesada en conocerla.<\/p>\n<p>La Direcci\u00f3n establece y revisa sus objetivos y metas ambientales y de calidad para cada una de las \u00e1reas, teniendo como marco de referencia la pol\u00edtica definida, fijando las responsabilidades en su consecuci\u00f3n, estableciendo los criterios de actuaci\u00f3n y asignando los recursos necesarios, en aras a la consecuci\u00f3n de los objetivos y metas, gen\u00e9ricos de la pol\u00edtica integrada de gesti\u00f3n.<\/p>\n<p>La Direcci\u00f3n<\/p>\n<p>Revisi\u00f3n 07-04-23<\/p>\n<\/div><\/section>\n","protected":false},"excerpt":{"rendered":"","protected":false},"author":1,"featured_media":0,"parent":2951,"menu_order":0,"comment_status":"closed","ping_status":"closed","template":"","meta":{"footnotes":""},"class_list":["post-2995","page","type-page","status-publish","hentry"],"aioseo_notices":[],"_links":{"self":[{"href":"https:\/\/motiom.com\/index.php\/wp-json\/wp\/v2\/pages\/2995","targetHints":{"allow":["GET"]}}],"collection":[{"href":"https:\/\/motiom.com\/index.php\/wp-json\/wp\/v2\/pages"}],"about":[{"href":"https:\/\/motiom.com\/index.php\/wp-json\/wp\/v2\/types\/page"}],"author":[{"embeddable":true,"href":"https:\/\/motiom.com\/index.php\/wp-json\/wp\/v2\/users\/1"}],"replies":[{"embeddable":true,"href":"https:\/\/motiom.com\/index.php\/wp-json\/wp\/v2\/comments?post=2995"}],"version-history":[{"count":1,"href":"https:\/\/motiom.com\/index.php\/wp-json\/wp\/v2\/pages\/2995\/revisions"}],"predecessor-version":[{"id":2996,"href":"https:\/\/motiom.com\/index.php\/wp-json\/wp\/v2\/pages\/2995\/revisions\/2996"}],"up":[{"embeddable":true,"href":"https:\/\/motiom.com\/index.php\/wp-json\/wp\/v2\/pages\/2951"}],"wp:attachment":[{"href":"https:\/\/motiom.com\/index.php\/wp-json\/wp\/v2\/media?parent=2995"}],"curies":[{"name":"wp","href":"https:\/\/api.w.org\/{rel}","templated":true}]}}