{"id":2962,"date":"2024-02-02T22:34:42","date_gmt":"2024-02-02T21:34:42","guid":{"rendered":"https:\/\/motiom.com\/?page_id=2962"},"modified":"2024-02-03T07:33:05","modified_gmt":"2024-02-03T06:33:05","slug":"pessoas","status":"publish","type":"page","link":"https:\/\/motiom.com\/index.php\/pt\/home\/pessoas\/","title":{"rendered":"Pessoas"},"content":{"rendered":"\n<style type=\"text\/css\" data-created_by=\"avia_inline_auto\" id=\"style-css-av-l6aurg70-bd2248247d150ae2d3407132ec7b6cc4\">\n.avia-section.av-l6aurg70-bd2248247d150ae2d3407132ec7b6cc4{\nbackground-repeat:no-repeat;\nbackground-image:url(https:\/\/motiom.com\/wp-content\/uploads\/2022\/11\/Personas-2-5.png);\nbackground-position:50% 50%;\nbackground-attachment:scroll;\n}\n<\/style>\n<div id='av_section_1'  class='avia-section av-l6aurg70-bd2248247d150ae2d3407132ec7b6cc4 main_color avia-section-default avia-no-border-styling  avia-builder-el-0  el_before_av_textblock  avia-builder-el-first  header-personas avia-full-stretch avia-bg-style-scroll av-minimum-height av-minimum-height-custom av-height-custom  container_wrap sidebar_right'  data-section-bg-repeat='stretch' data-av_minimum_height_px='400'><div class='container av-section-cont-open' style='height:400px'><main  role=\"main\" itemprop=\"mainContentOfPage\"  class='template-page content  av-content-small alpha units'><div class='post-entry post-entry-type-page post-entry-2962'><div class='entry-content-wrapper clearfix'>\n\n<style type=\"text\/css\" data-created_by=\"avia_inline_auto\" id=\"style-css-av-l6auqoms-4ff80c0f703ecfb4a4ec2ee9ca4a132d\">\n#top .av-special-heading.av-l6auqoms-4ff80c0f703ecfb4a4ec2ee9ca4a132d{\npadding-bottom:10px;\ncolor:#ffffff;\nfont-size:80px;\n}\nbody .av-special-heading.av-l6auqoms-4ff80c0f703ecfb4a4ec2ee9ca4a132d .av-special-heading-tag .heading-char{\nfont-size:25px;\n}\n#top #wrap_all .av-special-heading.av-l6auqoms-4ff80c0f703ecfb4a4ec2ee9ca4a132d .av-special-heading-tag{\nfont-size:80px;\n}\n.av-special-heading.av-l6auqoms-4ff80c0f703ecfb4a4ec2ee9ca4a132d .special-heading-inner-border{\nborder-color:#ffffff;\n}\n.av-special-heading.av-l6auqoms-4ff80c0f703ecfb4a4ec2ee9ca4a132d .av-subheading{\nfont-size:15px;\n}\n\n@media only screen and (max-width: 479px){ \n#top #wrap_all .av-special-heading.av-l6auqoms-4ff80c0f703ecfb4a4ec2ee9ca4a132d .av-special-heading-tag{\nfont-size:40px;\n}\n}\n\n@media only screen and (min-width: 480px) and (max-width: 767px){ \n#top #wrap_all .av-special-heading.av-l6auqoms-4ff80c0f703ecfb4a4ec2ee9ca4a132d .av-special-heading-tag{\nfont-size:0.8em;\n}\n}\n<\/style>\n<div  class='av-special-heading av-l6auqoms-4ff80c0f703ecfb4a4ec2ee9ca4a132d av-special-heading-h3 custom-color-heading blockquote modern-quote modern-right  avia-builder-el-1  avia-builder-el-no-sibling  av-inherit-size'><h3 class='av-special-heading-tag '  itemprop=\"headline\"  >PESSOAS<\/h3><div class=\"special-heading-border\"><div class=\"special-heading-inner-border\"><\/div><\/div><\/div>\n<\/div><\/div><\/main><!-- close content main element --><\/div><\/div><div id='after_section_1'  class='main_color av_default_container_wrap container_wrap sidebar_right'  ><div class='container av-section-cont-open' ><div class='template-page content  av-content-small alpha units'><div class='post-entry post-entry-type-page post-entry-2962'><div class='entry-content-wrapper clearfix'><section  class='av_textblock_section av-l7oepcmj-ac89ae8e0b05b14fa8a1f394774ca6c0 '   itemscope=\"itemscope\" itemtype=\"https:\/\/schema.org\/CreativeWork\" ><div class='avia_textblock'  itemprop=\"text\" ><h4>A ESS\u00caNCIA DO VALOR HUMANO NA LOG\u00cdSTICA<\/h4>\n<\/div><\/section><\/p>\n\n<style type=\"text\/css\" data-created_by=\"avia_inline_auto\" id=\"style-css-av-l6aut29f-3aaa444d0a5ced4caffb1651f37180c8\">\n#top .av_textblock_section.av-l6aut29f-3aaa444d0a5ced4caffb1651f37180c8 .avia_textblock{\nfont-size:24px;\ntext-align:justify;\n}\n\n@media only screen and (max-width: 479px){ \n#top .av_textblock_section.av-l6aut29f-3aaa444d0a5ced4caffb1651f37180c8 .avia_textblock{\nfont-size:20px;\n}\n}\n<\/style>\n<section  class='av_textblock_section av-l6aut29f-3aaa444d0a5ced4caffb1651f37180c8 '   itemscope=\"itemscope\" itemtype=\"https:\/\/schema.org\/CreativeWork\" ><div class='avia_textblock'  itemprop=\"text\" ><p>A MOTIOM nasceu do prop\u00f3sito de promover o valor humano no mundo da log\u00edstica.<\/p>\n<p>Colocamos as pessoas no centro de todas as nossas a\u00e7\u00f5es, orientando o seu valor de acordo com o seu talento e motiva\u00e7\u00e3o.<\/p>\n<p>Investir no desenvolvimento das nossas pessoas \u00e9 a forma de compreender, gerir e superar as expectativas do nosso ambiente.<\/p>\n<\/div><\/section>\n","protected":false},"excerpt":{"rendered":"","protected":false},"author":1,"featured_media":0,"parent":2951,"menu_order":0,"comment_status":"closed","ping_status":"closed","template":"","meta":{"footnotes":""},"class_list":["post-2962","page","type-page","status-publish","hentry"],"aioseo_notices":[],"_links":{"self":[{"href":"https:\/\/motiom.com\/index.php\/wp-json\/wp\/v2\/pages\/2962","targetHints":{"allow":["GET"]}}],"collection":[{"href":"https:\/\/motiom.com\/index.php\/wp-json\/wp\/v2\/pages"}],"about":[{"href":"https:\/\/motiom.com\/index.php\/wp-json\/wp\/v2\/types\/page"}],"author":[{"embeddable":true,"href":"https:\/\/motiom.com\/index.php\/wp-json\/wp\/v2\/users\/1"}],"replies":[{"embeddable":true,"href":"https:\/\/motiom.com\/index.php\/wp-json\/wp\/v2\/comments?post=2962"}],"version-history":[{"count":3,"href":"https:\/\/motiom.com\/index.php\/wp-json\/wp\/v2\/pages\/2962\/revisions"}],"predecessor-version":[{"id":3011,"href":"https:\/\/motiom.com\/index.php\/wp-json\/wp\/v2\/pages\/2962\/revisions\/3011"}],"up":[{"embeddable":true,"href":"https:\/\/motiom.com\/index.php\/wp-json\/wp\/v2\/pages\/2951"}],"wp:attachment":[{"href":"https:\/\/motiom.com\/index.php\/wp-json\/wp\/v2\/media?parent=2962"}],"curies":[{"name":"wp","href":"https:\/\/api.w.org\/{rel}","templated":true}]}}