{"id":2958,"date":"2024-02-02T22:25:38","date_gmt":"2024-02-02T21:25:38","guid":{"rendered":"https:\/\/motiom.com\/?page_id=2958"},"modified":"2025-01-13T16:38:43","modified_gmt":"2025-01-13T15:38:43","slug":"economica","status":"publish","type":"page","link":"https:\/\/motiom.com\/index.php\/pt\/home\/economica\/","title":{"rendered":"Econ\u00f3mica"},"content":{"rendered":"\n<style type=\"text\/css\" data-created_by=\"avia_inline_auto\" id=\"style-css-av-l6aurg70-c87660c80cd0a32a18ef42e40a068214\">\n.avia-section.av-l6aurg70-c87660c80cd0a32a18ef42e40a068214{\nbackground-repeat:no-repeat;\nbackground-image:url(https:\/\/motiom.com\/wp-content\/uploads\/2022\/09\/economica-2-1.png);\nbackground-position:50% 50%;\nbackground-attachment:scroll;\n}\n<\/style>\n<div id='av_section_1'  class='avia-section av-l6aurg70-c87660c80cd0a32a18ef42e40a068214 main_color avia-section-default avia-no-border-styling  avia-builder-el-0  el_before_av_textblock  avia-builder-el-first  header avia-full-stretch avia-bg-style-scroll av-minimum-height av-minimum-height-custom av-height-custom  container_wrap sidebar_right'  data-section-bg-repeat='stretch' data-av_minimum_height_px='400'><div class='container av-section-cont-open' style='height:400px'><main  role=\"main\" itemprop=\"mainContentOfPage\"  class='template-page content  av-content-small alpha units'><div class='post-entry post-entry-type-page post-entry-2958'><div class='entry-content-wrapper clearfix'>\n\n<style type=\"text\/css\" data-created_by=\"avia_inline_auto\" id=\"style-css-av-l6auqoms-68fd3fcf9c231dcf3edd1e291a275d08\">\n#top .av-special-heading.av-l6auqoms-68fd3fcf9c231dcf3edd1e291a275d08{\npadding-bottom:10px;\ncolor:#ffffff;\nfont-size:80px;\n}\nbody .av-special-heading.av-l6auqoms-68fd3fcf9c231dcf3edd1e291a275d08 .av-special-heading-tag .heading-char{\nfont-size:25px;\n}\n#top #wrap_all .av-special-heading.av-l6auqoms-68fd3fcf9c231dcf3edd1e291a275d08 .av-special-heading-tag{\nfont-size:80px;\n}\n.av-special-heading.av-l6auqoms-68fd3fcf9c231dcf3edd1e291a275d08 .special-heading-inner-border{\nborder-color:#ffffff;\n}\n.av-special-heading.av-l6auqoms-68fd3fcf9c231dcf3edd1e291a275d08 .av-subheading{\nfont-size:15px;\n}\n\n@media only screen and (max-width: 479px){ \n#top #wrap_all .av-special-heading.av-l6auqoms-68fd3fcf9c231dcf3edd1e291a275d08 .av-special-heading-tag{\nfont-size:40px;\n}\n}\n\n@media only screen and (min-width: 480px) and (max-width: 767px){ \n#top #wrap_all .av-special-heading.av-l6auqoms-68fd3fcf9c231dcf3edd1e291a275d08 .av-special-heading-tag{\nfont-size:0.8em;\n}\n}\n<\/style>\n<div  class='av-special-heading av-l6auqoms-68fd3fcf9c231dcf3edd1e291a275d08 av-special-heading-h3 custom-color-heading blockquote modern-quote modern-right  avia-builder-el-1  avia-builder-el-no-sibling  av-inherit-size'><h3 class='av-special-heading-tag '  itemprop=\"headline\"  >ECON\u00d3MICA<\/h3><div class=\"special-heading-border\"><div class=\"special-heading-inner-border\"><\/div><\/div><\/div>\n<\/div><\/div><\/main><!-- close content main element --><\/div><\/div><div id='after_section_1'  class='main_color av_default_container_wrap container_wrap sidebar_right'  ><div class='container av-section-cont-open' ><div class='template-page content  av-content-small alpha units'><div class='post-entry post-entry-type-page post-entry-2958'><div class='entry-content-wrapper clearfix'>\n\n<style type=\"text\/css\" data-created_by=\"avia_inline_auto\" id=\"style-css-av-30b7mz-5dbcfc46896f11c050e0e6938e913925\">\n#top .av_textblock_section.av-30b7mz-5dbcfc46896f11c050e0e6938e913925 .avia_textblock{\nfont-size:24px;\ntext-align:justify;\n}\n\n@media only screen and (max-width: 479px){ \n#top .av_textblock_section.av-30b7mz-5dbcfc46896f11c050e0e6938e913925 .avia_textblock{\nfont-size:20px;\n}\n}\n<\/style>\n<section  class='av_textblock_section av-30b7mz-5dbcfc46896f11c050e0e6938e913925 '   itemscope=\"itemscope\" itemtype=\"https:\/\/schema.org\/CreativeWork\" ><div class='avia_textblock'  itemprop=\"text\" ><p>Na MOTIOM acreditamos no crescimento sustent\u00e1vel e equitativo, criando rela\u00e7\u00f5es fortes, de longo prazo e \u00abwin-win\u00bb. Com isso, queremos gerar um impacto positivo e duradouro na sociedade e no meio ambiente.<\/p>\n<p>Procuramos objetivos concretos, mensur\u00e1veis e realiz\u00e1veis, atrav\u00e9s de um planeamento e gest\u00e3o financeira s\u00f3lidos. O investimento em recursos humanos e digitais \u00e9 a pedra angular para alcan\u00e7ar os nossos objetivos.<\/p>\n<\/div><\/section>\n","protected":false},"excerpt":{"rendered":"","protected":false},"author":1,"featured_media":0,"parent":2951,"menu_order":0,"comment_status":"closed","ping_status":"closed","template":"","meta":{"footnotes":""},"class_list":["post-2958","page","type-page","status-publish","hentry"],"aioseo_notices":[],"_links":{"self":[{"href":"https:\/\/motiom.com\/index.php\/wp-json\/wp\/v2\/pages\/2958","targetHints":{"allow":["GET"]}}],"collection":[{"href":"https:\/\/motiom.com\/index.php\/wp-json\/wp\/v2\/pages"}],"about":[{"href":"https:\/\/motiom.com\/index.php\/wp-json\/wp\/v2\/types\/page"}],"author":[{"embeddable":true,"href":"https:\/\/motiom.com\/index.php\/wp-json\/wp\/v2\/users\/1"}],"replies":[{"embeddable":true,"href":"https:\/\/motiom.com\/index.php\/wp-json\/wp\/v2\/comments?post=2958"}],"version-history":[{"count":3,"href":"https:\/\/motiom.com\/index.php\/wp-json\/wp\/v2\/pages\/2958\/revisions"}],"predecessor-version":[{"id":3072,"href":"https:\/\/motiom.com\/index.php\/wp-json\/wp\/v2\/pages\/2958\/revisions\/3072"}],"up":[{"embeddable":true,"href":"https:\/\/motiom.com\/index.php\/wp-json\/wp\/v2\/pages\/2951"}],"wp:attachment":[{"href":"https:\/\/motiom.com\/index.php\/wp-json\/wp\/v2\/media?parent=2958"}],"curies":[{"name":"wp","href":"https:\/\/api.w.org\/{rel}","templated":true}]}}