{"id":2955,"date":"2024-02-02T22:21:57","date_gmt":"2024-02-02T21:21:57","guid":{"rendered":"https:\/\/motiom.com\/?page_id=2955"},"modified":"2024-02-03T07:42:50","modified_gmt":"2024-02-03T06:42:50","slug":"meio-ambiental","status":"publish","type":"page","link":"https:\/\/motiom.com\/index.php\/pt\/home\/meio-ambiental\/","title":{"rendered":"Meio ambiental"},"content":{"rendered":"\n<style type=\"text\/css\" data-created_by=\"avia_inline_auto\" id=\"style-css-av-l6aurg70-d05949984b37fcb0ba0b53fecd3d0016\">\n.avia-section.av-l6aurg70-d05949984b37fcb0ba0b53fecd3d0016{\nbackground-repeat:no-repeat;\nbackground-image:url(https:\/\/motiom.com\/wp-content\/uploads\/2022\/09\/medioambiental-2.png);\nbackground-position:50% 50%;\nbackground-attachment:scroll;\n}\n<\/style>\n<div id='av_section_1'  class='avia-section av-l6aurg70-d05949984b37fcb0ba0b53fecd3d0016 main_color avia-section-default avia-no-border-styling  avia-builder-el-0  el_before_av_textblock  avia-builder-el-first  header avia-full-stretch avia-bg-style-scroll av-minimum-height av-minimum-height-custom av-height-custom  container_wrap sidebar_right'  data-section-bg-repeat='stretch' data-av_minimum_height_px='400'><div class='container av-section-cont-open' style='height:400px'><main  role=\"main\" itemprop=\"mainContentOfPage\"  class='template-page content  av-content-small alpha units'><div class='post-entry post-entry-type-page post-entry-2955'><div class='entry-content-wrapper clearfix'>\n\n<style type=\"text\/css\" data-created_by=\"avia_inline_auto\" id=\"style-css-av-l6auqoms-644fd5ec8978fc0ef62b5df597282c97\">\n#top .av-special-heading.av-l6auqoms-644fd5ec8978fc0ef62b5df597282c97{\npadding-bottom:10px;\ncolor:#ffffff;\nfont-size:80px;\n}\nbody .av-special-heading.av-l6auqoms-644fd5ec8978fc0ef62b5df597282c97 .av-special-heading-tag .heading-char{\nfont-size:25px;\n}\n#top #wrap_all .av-special-heading.av-l6auqoms-644fd5ec8978fc0ef62b5df597282c97 .av-special-heading-tag{\nfont-size:80px;\n}\n.av-special-heading.av-l6auqoms-644fd5ec8978fc0ef62b5df597282c97 .special-heading-inner-border{\nborder-color:#ffffff;\n}\n.av-special-heading.av-l6auqoms-644fd5ec8978fc0ef62b5df597282c97 .av-subheading{\nfont-size:15px;\n}\n\n@media only screen and (max-width: 479px){ \n#top #wrap_all .av-special-heading.av-l6auqoms-644fd5ec8978fc0ef62b5df597282c97 .av-special-heading-tag{\nfont-size:40px;\n}\n}\n\n@media only screen and (min-width: 480px) and (max-width: 767px){ \n#top #wrap_all .av-special-heading.av-l6auqoms-644fd5ec8978fc0ef62b5df597282c97 .av-special-heading-tag{\nfont-size:0.8em;\n}\n}\n<\/style>\n<div  class='av-special-heading av-l6auqoms-644fd5ec8978fc0ef62b5df597282c97 av-special-heading-h3 custom-color-heading blockquote modern-quote modern-right  avia-builder-el-1  avia-builder-el-no-sibling  av-inherit-size'><h3 class='av-special-heading-tag '  itemprop=\"headline\"  >MEIO AMBIENTAL<\/h3><div class=\"special-heading-border\"><div class=\"special-heading-inner-border\"><\/div><\/div><\/div>\n<\/div><\/div><\/main><!-- close content main element --><\/div><\/div><div id='after_section_1'  class='main_color av_default_container_wrap container_wrap sidebar_right'  ><div class='container av-section-cont-open' ><div class='template-page content  av-content-small alpha units'><div class='post-entry post-entry-type-page post-entry-2955'><div class='entry-content-wrapper clearfix'>\n<style type=\"text\/css\" data-created_by=\"avia_inline_auto\" id=\"style-css-av-2y9hbi-eb52ed57ed4b426e8d6b4e975352f676\">\n#top .av_textblock_section.av-2y9hbi-eb52ed57ed4b426e8d6b4e975352f676 .avia_textblock{\nfont-size:24px;\ntext-align:justify;\n}\n\n@media only screen and (max-width: 479px){ \n#top .av_textblock_section.av-2y9hbi-eb52ed57ed4b426e8d6b4e975352f676 .avia_textblock{\nfont-size:20px;\n}\n}\n<\/style>\n<section  class='av_textblock_section av-2y9hbi-eb52ed57ed4b426e8d6b4e975352f676 '   itemscope=\"itemscope\" itemtype=\"https:\/\/schema.org\/CreativeWork\" ><div class='avia_textblock'  itemprop=\"text\" ><p>A situa\u00e7\u00e3o global do ambiente obriga-nos a tomar medidas que nos permitam viver num ambiente mais saud\u00e1vel. Queremos cuidar da sa\u00fade do planeta, da sua prote\u00e7\u00e3o e do uso racional dos recursos dispon\u00edveis.<\/p>\n<p>O nosso compromisso come\u00e7a connosco pr\u00f3prios atrav\u00e9s da tomada de medidas internas que iremos transmitir aos nossos clientes, proporcionando-lhes as melhores ferramentas de an\u00e1lise e controlo de emiss\u00f5es, bem como op\u00e7\u00f5es de compensa\u00e7\u00e3o.<\/p>\n<\/div><\/section><\/p>\n","protected":false},"excerpt":{"rendered":"","protected":false},"author":1,"featured_media":0,"parent":2951,"menu_order":0,"comment_status":"closed","ping_status":"closed","template":"","meta":{"footnotes":""},"class_list":["post-2955","page","type-page","status-publish","hentry"],"aioseo_notices":[],"_links":{"self":[{"href":"https:\/\/motiom.com\/index.php\/wp-json\/wp\/v2\/pages\/2955","targetHints":{"allow":["GET"]}}],"collection":[{"href":"https:\/\/motiom.com\/index.php\/wp-json\/wp\/v2\/pages"}],"about":[{"href":"https:\/\/motiom.com\/index.php\/wp-json\/wp\/v2\/types\/page"}],"author":[{"embeddable":true,"href":"https:\/\/motiom.com\/index.php\/wp-json\/wp\/v2\/users\/1"}],"replies":[{"embeddable":true,"href":"https:\/\/motiom.com\/index.php\/wp-json\/wp\/v2\/comments?post=2955"}],"version-history":[{"count":3,"href":"https:\/\/motiom.com\/index.php\/wp-json\/wp\/v2\/pages\/2955\/revisions"}],"predecessor-version":[{"id":3019,"href":"https:\/\/motiom.com\/index.php\/wp-json\/wp\/v2\/pages\/2955\/revisions\/3019"}],"up":[{"embeddable":true,"href":"https:\/\/motiom.com\/index.php\/wp-json\/wp\/v2\/pages\/2951"}],"wp:attachment":[{"href":"https:\/\/motiom.com\/index.php\/wp-json\/wp\/v2\/media?parent=2955"}],"curies":[{"name":"wp","href":"https:\/\/api.w.org\/{rel}","templated":true}]}}