{"id":1650,"date":"2022-09-05T12:37:31","date_gmt":"2022-09-05T10:37:31","guid":{"rendered":"https:\/\/motiom.com\/?page_id=1650"},"modified":"2024-02-03T06:56:59","modified_gmt":"2024-02-03T05:56:59","slug":"emocional-3","status":"publish","type":"page","link":"https:\/\/motiom.com\/index.php\/es\/home-es\/emocional-3\/","title":{"rendered":"Emocional"},"content":{"rendered":"\n<style type=\"text\/css\" data-created_by=\"avia_inline_auto\" id=\"style-css-av-l6aurg70-4d143120dab0db7a0c3557b39b22f023\">\n.avia-section.av-l6aurg70-4d143120dab0db7a0c3557b39b22f023{\nbackground-repeat:no-repeat;\nbackground-image:url(https:\/\/motiom.com\/wp-content\/uploads\/2022\/10\/emocional-2.jpg);\nbackground-position:50% 50%;\nbackground-attachment:scroll;\n}\n<\/style>\n<div id='av_section_1'  class='avia-section av-l6aurg70-4d143120dab0db7a0c3557b39b22f023 main_color avia-section-default avia-no-border-styling  avia-builder-el-0  el_before_av_textblock  avia-builder-el-first  header header__emocional avia-full-stretch avia-bg-style-scroll av-minimum-height av-minimum-height-custom av-height-custom  container_wrap sidebar_right'  data-section-bg-repeat='stretch' data-av_minimum_height_px='400'><div class='container av-section-cont-open' style='height:400px'><main  role=\"main\" itemprop=\"mainContentOfPage\"  class='template-page content  av-content-small alpha units'><div class='post-entry post-entry-type-page post-entry-1650'><div class='entry-content-wrapper clearfix'>\n\n<style type=\"text\/css\" data-created_by=\"avia_inline_auto\" id=\"style-css-av-l6auqoms-d6f2de445d713b9361151c6cdd82c5ea\">\n#top .av-special-heading.av-l6auqoms-d6f2de445d713b9361151c6cdd82c5ea{\npadding-bottom:10px;\ncolor:#168187;\nfont-size:80px;\n}\nbody .av-special-heading.av-l6auqoms-d6f2de445d713b9361151c6cdd82c5ea .av-special-heading-tag .heading-char{\nfont-size:25px;\n}\n#top #wrap_all .av-special-heading.av-l6auqoms-d6f2de445d713b9361151c6cdd82c5ea .av-special-heading-tag{\nfont-size:80px;\n}\n.av-special-heading.av-l6auqoms-d6f2de445d713b9361151c6cdd82c5ea .special-heading-inner-border{\nborder-color:#168187;\n}\n.av-special-heading.av-l6auqoms-d6f2de445d713b9361151c6cdd82c5ea .av-subheading{\nfont-size:15px;\n}\n\n@media only screen and (max-width: 479px){ \n#top #wrap_all .av-special-heading.av-l6auqoms-d6f2de445d713b9361151c6cdd82c5ea .av-special-heading-tag{\nfont-size:40px;\n}\n}\n\n@media only screen and (min-width: 480px) and (max-width: 767px){ \n#top #wrap_all .av-special-heading.av-l6auqoms-d6f2de445d713b9361151c6cdd82c5ea .av-special-heading-tag{\nfont-size:0.8em;\n}\n}\n<\/style>\n<div  class='av-special-heading av-l6auqoms-d6f2de445d713b9361151c6cdd82c5ea av-special-heading-h3 custom-color-heading blockquote modern-quote modern-right  avia-builder-el-1  avia-builder-el-no-sibling  av-inherit-size'><h3 class='av-special-heading-tag '  itemprop=\"headline\"  >EMOCIONAL<\/h3><div class=\"special-heading-border\"><div class=\"special-heading-inner-border\"><\/div><\/div><\/div>\n<\/div><\/div><\/main><!-- close content main element --><\/div><\/div><div id='after_section_1'  class='main_color av_default_container_wrap container_wrap sidebar_right'  ><div class='container av-section-cont-open' ><div class='template-page content  av-content-small alpha units'><div class='post-entry post-entry-type-page post-entry-1650'><div class='entry-content-wrapper clearfix'>\n\n<style type=\"text\/css\" data-created_by=\"avia_inline_auto\" id=\"style-css-av-2iza82-cbdb274157d8e6c9f948dfe3234644e5\">\n#top .av_textblock_section.av-2iza82-cbdb274157d8e6c9f948dfe3234644e5 .avia_textblock{\nfont-size:24px;\ntext-align:justify;\n}\n\n@media only screen and (max-width: 479px){ \n#top .av_textblock_section.av-2iza82-cbdb274157d8e6c9f948dfe3234644e5 .avia_textblock{\nfont-size:20px;\n}\n}\n<\/style>\n<section  class='av_textblock_section av-2iza82-cbdb274157d8e6c9f948dfe3234644e5 '   itemscope=\"itemscope\" itemtype=\"https:\/\/schema.org\/CreativeWork\" ><div class='avia_textblock'  itemprop=\"text\" ><p>En la era de la Transformaci\u00f3n Digital nos quedaremos atr\u00e1s si no vamos de la mano de la <strong>Transformaci\u00f3n Emocional<\/strong>.<\/p>\n<p>El camino es cuidar y cuidarnos. Aumentar la calidad de nuestras relaciones. Cultivar el respeto y mantener el equilibrio. Dar lo mejor de nosotros, de forma satisfactoria y sin agotarnos.<\/p>\n<p>Empieza en nosotros mismos y se proyecta en los dem\u00e1s.<\/p>\n<\/div><\/section>\n","protected":false},"excerpt":{"rendered":"","protected":false},"author":1,"featured_media":0,"parent":23,"menu_order":0,"comment_status":"closed","ping_status":"closed","template":"","meta":{"footnotes":""},"class_list":["post-1650","page","type-page","status-publish","hentry"],"aioseo_notices":[],"_links":{"self":[{"href":"https:\/\/motiom.com\/index.php\/wp-json\/wp\/v2\/pages\/1650","targetHints":{"allow":["GET"]}}],"collection":[{"href":"https:\/\/motiom.com\/index.php\/wp-json\/wp\/v2\/pages"}],"about":[{"href":"https:\/\/motiom.com\/index.php\/wp-json\/wp\/v2\/types\/page"}],"author":[{"embeddable":true,"href":"https:\/\/motiom.com\/index.php\/wp-json\/wp\/v2\/users\/1"}],"replies":[{"embeddable":true,"href":"https:\/\/motiom.com\/index.php\/wp-json\/wp\/v2\/comments?post=1650"}],"version-history":[{"count":23,"href":"https:\/\/motiom.com\/index.php\/wp-json\/wp\/v2\/pages\/1650\/revisions"}],"predecessor-version":[{"id":2912,"href":"https:\/\/motiom.com\/index.php\/wp-json\/wp\/v2\/pages\/1650\/revisions\/2912"}],"up":[{"embeddable":true,"href":"https:\/\/motiom.com\/index.php\/wp-json\/wp\/v2\/pages\/23"}],"wp:attachment":[{"href":"https:\/\/motiom.com\/index.php\/wp-json\/wp\/v2\/media?parent=1650"}],"curies":[{"name":"wp","href":"https:\/\/api.w.org\/{rel}","templated":true}]}}