{"id":1646,"date":"2022-09-05T12:34:42","date_gmt":"2022-09-05T10:34:42","guid":{"rendered":"https:\/\/motiom.com\/?page_id=1646"},"modified":"2024-02-03T19:39:20","modified_gmt":"2024-02-03T18:39:20","slug":"medioambiental-3","status":"publish","type":"page","link":"https:\/\/motiom.com\/index.php\/es\/home-es\/medioambiental-3\/","title":{"rendered":"Medioambiental"},"content":{"rendered":"\n<style type=\"text\/css\" data-created_by=\"avia_inline_auto\" id=\"style-css-av-l6aurg70-d05949984b37fcb0ba0b53fecd3d0016\">\n.avia-section.av-l6aurg70-d05949984b37fcb0ba0b53fecd3d0016{\nbackground-repeat:no-repeat;\nbackground-image:url(https:\/\/motiom.com\/wp-content\/uploads\/2022\/09\/medioambiental-2.png);\nbackground-position:50% 50%;\nbackground-attachment:scroll;\n}\n<\/style>\n<div id='av_section_1'  class='avia-section av-l6aurg70-d05949984b37fcb0ba0b53fecd3d0016 main_color avia-section-default avia-no-border-styling  avia-builder-el-0  el_before_av_textblock  avia-builder-el-first  header avia-full-stretch avia-bg-style-scroll av-minimum-height av-minimum-height-custom av-height-custom  container_wrap sidebar_right'  data-section-bg-repeat='stretch' data-av_minimum_height_px='400'><div class='container av-section-cont-open' style='height:400px'><main  role=\"main\" itemprop=\"mainContentOfPage\"  class='template-page content  av-content-small alpha units'><div class='post-entry post-entry-type-page post-entry-1646'><div class='entry-content-wrapper clearfix'>\n\n<style type=\"text\/css\" data-created_by=\"avia_inline_auto\" id=\"style-css-av-l6auqoms-629eb4e498a5792700877bc2a65097b5\">\n#top .av-special-heading.av-l6auqoms-629eb4e498a5792700877bc2a65097b5{\npadding-bottom:10px;\ncolor:#ffffff;\nfont-size:80px;\n}\nbody .av-special-heading.av-l6auqoms-629eb4e498a5792700877bc2a65097b5 .av-special-heading-tag .heading-char{\nfont-size:25px;\n}\n#top #wrap_all .av-special-heading.av-l6auqoms-629eb4e498a5792700877bc2a65097b5 .av-special-heading-tag{\nfont-size:80px;\n}\n.av-special-heading.av-l6auqoms-629eb4e498a5792700877bc2a65097b5 .special-heading-inner-border{\nborder-color:#ffffff;\n}\n.av-special-heading.av-l6auqoms-629eb4e498a5792700877bc2a65097b5 .av-subheading{\nfont-size:15px;\n}\n\n@media only screen and (max-width: 479px){ \n#top #wrap_all .av-special-heading.av-l6auqoms-629eb4e498a5792700877bc2a65097b5 .av-special-heading-tag{\nfont-size:40px;\n}\n}\n\n@media only screen and (min-width: 480px) and (max-width: 767px){ \n#top #wrap_all .av-special-heading.av-l6auqoms-629eb4e498a5792700877bc2a65097b5 .av-special-heading-tag{\nfont-size:0.8em;\n}\n}\n<\/style>\n<div  class='av-special-heading av-l6auqoms-629eb4e498a5792700877bc2a65097b5 av-special-heading-h3 custom-color-heading blockquote modern-quote modern-right  avia-builder-el-1  avia-builder-el-no-sibling  av-inherit-size'><h3 class='av-special-heading-tag '  itemprop=\"headline\"  >MEDIOAMBIENTAL<\/h3><div class=\"special-heading-border\"><div class=\"special-heading-inner-border\"><\/div><\/div><\/div>\n<\/div><\/div><\/main><!-- close content main element --><\/div><\/div><div id='after_section_1'  class='main_color av_default_container_wrap container_wrap sidebar_right'  ><div class='container av-section-cont-open' ><div class='template-page content  av-content-small alpha units'><div class='post-entry post-entry-type-page post-entry-1646'><div class='entry-content-wrapper clearfix'>\n\n<style type=\"text\/css\" data-created_by=\"avia_inline_auto\" id=\"style-css-av-2y9hbi-eb52ed57ed4b426e8d6b4e975352f676\">\n#top .av_textblock_section.av-2y9hbi-eb52ed57ed4b426e8d6b4e975352f676 .avia_textblock{\nfont-size:24px;\ntext-align:justify;\n}\n\n@media only screen and (max-width: 479px){ \n#top .av_textblock_section.av-2y9hbi-eb52ed57ed4b426e8d6b4e975352f676 .avia_textblock{\nfont-size:20px;\n}\n}\n<\/style>\n<section  class='av_textblock_section av-2y9hbi-eb52ed57ed4b426e8d6b4e975352f676 '   itemscope=\"itemscope\" itemtype=\"https:\/\/schema.org\/CreativeWork\" ><div class='avia_textblock'  itemprop=\"text\" ><p>La situaci\u00f3n global del medio ambiente nos demanda tomar medidas que nos permitan vivir en un entorno m\u00e1s saludable. Queremos cuidar la salud del planeta, su protecci\u00f3n y uso racional de los recursos disponibles.<\/p>\n<p>Nuestro compromiso empieza por nosotros mismos tomando medidas internas que trasladaremos a nuestros clientes, poniendo a su disposici\u00f3n las mejores herramientas de an\u00e1lisis y control de emisiones, as\u00ed como opciones de compensaci\u00f3n.<\/p>\n<\/div><\/section>\n","protected":false},"excerpt":{"rendered":"","protected":false},"author":1,"featured_media":0,"parent":23,"menu_order":0,"comment_status":"closed","ping_status":"closed","template":"","meta":{"footnotes":""},"class_list":["post-1646","page","type-page","status-publish","hentry"],"aioseo_notices":[],"_links":{"self":[{"href":"https:\/\/motiom.com\/index.php\/wp-json\/wp\/v2\/pages\/1646","targetHints":{"allow":["GET"]}}],"collection":[{"href":"https:\/\/motiom.com\/index.php\/wp-json\/wp\/v2\/pages"}],"about":[{"href":"https:\/\/motiom.com\/index.php\/wp-json\/wp\/v2\/types\/page"}],"author":[{"embeddable":true,"href":"https:\/\/motiom.com\/index.php\/wp-json\/wp\/v2\/users\/1"}],"replies":[{"embeddable":true,"href":"https:\/\/motiom.com\/index.php\/wp-json\/wp\/v2\/comments?post=1646"}],"version-history":[{"count":14,"href":"https:\/\/motiom.com\/index.php\/wp-json\/wp\/v2\/pages\/1646\/revisions"}],"predecessor-version":[{"id":2896,"href":"https:\/\/motiom.com\/index.php\/wp-json\/wp\/v2\/pages\/1646\/revisions\/2896"}],"up":[{"embeddable":true,"href":"https:\/\/motiom.com\/index.php\/wp-json\/wp\/v2\/pages\/23"}],"wp:attachment":[{"href":"https:\/\/motiom.com\/index.php\/wp-json\/wp\/v2\/media?parent=1646"}],"curies":[{"name":"wp","href":"https:\/\/api.w.org\/{rel}","templated":true}]}}