{"id":1413,"date":"2022-08-01T16:43:05","date_gmt":"2022-08-01T14:43:05","guid":{"rendered":"https:\/\/motiom.com\/?page_id=1413"},"modified":"2024-02-03T06:54:44","modified_gmt":"2024-02-03T05:54:44","slug":"evolucion","status":"publish","type":"page","link":"https:\/\/motiom.com\/index.php\/es\/home-es\/evolucion\/","title":{"rendered":"Evoluci\u00f3n"},"content":{"rendered":"\n<style type=\"text\/css\" data-created_by=\"avia_inline_auto\" id=\"style-css-av-l6aurg70-8766580df2522a8db33f753822aba8c4\">\n.avia-section.av-l6aurg70-8766580df2522a8db33f753822aba8c4{\nbackground-repeat:no-repeat;\nbackground-image:url(https:\/\/motiom.com\/wp-content\/uploads\/2022\/09\/Conectividad-2.png);\nbackground-position:50% 50%;\nbackground-attachment:scroll;\n}\n<\/style>\n<div id='av_section_1'  class='avia-section av-l6aurg70-8766580df2522a8db33f753822aba8c4 main_color avia-section-default avia-no-border-styling  avia-builder-el-0  el_before_av_textblock  avia-builder-el-first  header-conectividad avia-full-stretch avia-bg-style-scroll av-minimum-height av-minimum-height-custom av-height-custom  container_wrap sidebar_right'  data-section-bg-repeat='stretch' data-av_minimum_height_px='400'><div class='container av-section-cont-open' style='height:400px'><main  role=\"main\" itemprop=\"mainContentOfPage\"  class='template-page content  av-content-small alpha units'><div class='post-entry post-entry-type-page post-entry-1413'><div class='entry-content-wrapper clearfix'>\n\n<style type=\"text\/css\" data-created_by=\"avia_inline_auto\" id=\"style-css-av-l6auqoms-685a3d426930c88cd0180ff278dfe989\">\n#top .av-special-heading.av-l6auqoms-685a3d426930c88cd0180ff278dfe989{\npadding-bottom:10px;\ncolor:#ffffff;\nfont-size:80px;\n}\nbody .av-special-heading.av-l6auqoms-685a3d426930c88cd0180ff278dfe989 .av-special-heading-tag .heading-char{\nfont-size:25px;\n}\n#top #wrap_all .av-special-heading.av-l6auqoms-685a3d426930c88cd0180ff278dfe989 .av-special-heading-tag{\nfont-size:80px;\n}\n.av-special-heading.av-l6auqoms-685a3d426930c88cd0180ff278dfe989 .special-heading-inner-border{\nborder-color:#ffffff;\n}\n.av-special-heading.av-l6auqoms-685a3d426930c88cd0180ff278dfe989 .av-subheading{\nfont-size:15px;\n}\n\n@media only screen and (max-width: 479px){ \n#top #wrap_all .av-special-heading.av-l6auqoms-685a3d426930c88cd0180ff278dfe989 .av-special-heading-tag{\nfont-size:40px;\n}\n}\n\n@media only screen and (min-width: 480px) and (max-width: 767px){ \n#top #wrap_all .av-special-heading.av-l6auqoms-685a3d426930c88cd0180ff278dfe989 .av-special-heading-tag{\nfont-size:0.8em;\n}\n}\n<\/style>\n<div  class='av-special-heading av-l6auqoms-685a3d426930c88cd0180ff278dfe989 av-special-heading-h3 custom-color-heading blockquote modern-quote modern-right  avia-builder-el-1  avia-builder-el-no-sibling  av-inherit-size'><h3 class='av-special-heading-tag '  itemprop=\"headline\"  >EVOLUCI\u00d3N<\/h3><div class=\"special-heading-border\"><div class=\"special-heading-inner-border\"><\/div><\/div><\/div>\n<\/div><\/div><\/main><!-- close content main element --><\/div><\/div><div id='after_section_1'  class='main_color av_default_container_wrap container_wrap sidebar_right'  ><div class='container av-section-cont-open' ><div class='template-page content  av-content-small alpha units'><div class='post-entry post-entry-type-page post-entry-1413'><div class='entry-content-wrapper clearfix'>\n<section  class='av_textblock_section av-l7ofdilk-2a110883106bc83eb2abaa1d1c284b8d '   itemscope=\"itemscope\" itemtype=\"https:\/\/schema.org\/CreativeWork\" ><div class='avia_textblock'  itemprop=\"text\" ><h4>INNOVACI\u00d3N COMO CULTURA<\/h4>\n<\/div><\/section>\n\n<style type=\"text\/css\" data-created_by=\"avia_inline_auto\" id=\"style-css-av-l6aut29f-3aaa444d0a5ced4caffb1651f37180c8\">\n#top .av_textblock_section.av-l6aut29f-3aaa444d0a5ced4caffb1651f37180c8 .avia_textblock{\nfont-size:24px;\ntext-align:justify;\n}\n\n@media only screen and (max-width: 479px){ \n#top .av_textblock_section.av-l6aut29f-3aaa444d0a5ced4caffb1651f37180c8 .avia_textblock{\nfont-size:20px;\n}\n}\n<\/style>\n<section  class='av_textblock_section av-l6aut29f-3aaa444d0a5ced4caffb1651f37180c8 '   itemscope=\"itemscope\" itemtype=\"https:\/\/schema.org\/CreativeWork\" ><div class='avia_textblock'  itemprop=\"text\" ><p>Evolucionar es escuchar, tomar conciencia de las necesidades de nuestro entorno y estar abiertos al cambio.<\/p>\n<p>Con esta mentalidad facilitamos la Innovaci\u00f3n, y la fortalecemos a trav\u00e9s de la mejora continua, la autonom\u00eda y el liderazgo de todos los miembros.<\/p>\n<\/div><\/section>\n","protected":false},"excerpt":{"rendered":"","protected":false},"author":1,"featured_media":0,"parent":23,"menu_order":0,"comment_status":"closed","ping_status":"closed","template":"","meta":{"footnotes":""},"class_list":["post-1413","page","type-page","status-publish","hentry"],"aioseo_notices":[],"_links":{"self":[{"href":"https:\/\/motiom.com\/index.php\/wp-json\/wp\/v2\/pages\/1413","targetHints":{"allow":["GET"]}}],"collection":[{"href":"https:\/\/motiom.com\/index.php\/wp-json\/wp\/v2\/pages"}],"about":[{"href":"https:\/\/motiom.com\/index.php\/wp-json\/wp\/v2\/types\/page"}],"author":[{"embeddable":true,"href":"https:\/\/motiom.com\/index.php\/wp-json\/wp\/v2\/users\/1"}],"replies":[{"embeddable":true,"href":"https:\/\/motiom.com\/index.php\/wp-json\/wp\/v2\/comments?post=1413"}],"version-history":[{"count":33,"href":"https:\/\/motiom.com\/index.php\/wp-json\/wp\/v2\/pages\/1413\/revisions"}],"predecessor-version":[{"id":2918,"href":"https:\/\/motiom.com\/index.php\/wp-json\/wp\/v2\/pages\/1413\/revisions\/2918"}],"up":[{"embeddable":true,"href":"https:\/\/motiom.com\/index.php\/wp-json\/wp\/v2\/pages\/23"}],"wp:attachment":[{"href":"https:\/\/motiom.com\/index.php\/wp-json\/wp\/v2\/media?parent=1413"}],"curies":[{"name":"wp","href":"https:\/\/api.w.org\/{rel}","templated":true}]}}